{"id":233,"date":"2023-03-06T13:00:51","date_gmt":"2023-03-06T13:00:51","guid":{"rendered":"https:\/\/logikit.com\/?page_id=233"},"modified":"2023-06-27T10:16:52","modified_gmt":"2023-06-27T10:16:52","slug":"calidad","status":"publish","type":"page","link":"https:\/\/logikit.com\/?page_id=233","title":{"rendered":"Calidad"},"content":{"rendered":"<div class=\"wpb-content-wrapper\">[vc_section full_width=\u00bbstretch_row_content\u00bb][vc_row et_full_width=\u00bbtrue\u00bb et_row_padding=\u00bbtrue\u00bb parallax=\u00bbcontent-moving\u00bb css=\u00bb.vc_custom_1678108060257{padding-top: 250px !important;padding-bottom: 70px !important;background-image: url(https:\/\/logikit.com\/wp-content\/uploads\/2023\/03\/Logitik_DeSCARGAS.webp?id=241) !important;background-position: center;background-repeat: no-repeat !important;background-size: cover !important;}\u00bb][vc_column et_column_color=\u00bbet-light-column\u00bb][vc_row_inner][vc_column_inner offset=\u00bbvc_col-lg-4 vc_col-md-6&#8243;][vc_column_text css=\u00bb.vc_custom_1680691086833{margin-top: 20px !important;}\u00bb]\n<h1>CERTIFICADOS DE CALIDAD<\/h1>\n<p><em>Perfiles y sistemas de aluminio para la industria del mueble<\/em>[\/vc_column_text][\/vc_column_inner][\/vc_row_inner][\/vc_column][\/vc_row][\/vc_section][vc_section full_width=\u00bbstretch_row\u00bb css=\u00bb.vc_custom_1680691111314{padding-top: 5% !important;padding-bottom: 5% !important;background-color: #ffffff !important;background-position: 0 0 !important;background-repeat: no-repeat !important;}\u00bb][vc_row css=\u00bb.vc_custom_1678107683510{padding-top: 40px !important;padding-bottom: 40px !important;}\u00bb][vc_column][vc_column_text]\n<p style=\"text-align: left;\"><span style=\"color: #000000;\">Todos nuestros productos est\u00e1n fabricados con perfiles de aluminio de aleaci\u00f3n 6063 T5 y est\u00e1n certificados por ISO 9001:2015 de calidad con el<\/span><br \/>\n<span style=\"color: #000000;\">Marcado CE. (Ver ficha t\u00e9cnica y propiedades tecnol\u00f3gicas en la p\u00e1gina siguiente).<\/span><\/p>\n<p style=\"text-align: left;\"><span style=\"color: #000000;\">En materia de extrusi\u00f3n las normativas que seguimos son las siguientes:<\/span><br \/>\n<span style=\"color: #000000;\">UNE-EN 755-9, UNE-EN 12020-2 y UNE-EN 755-2.<\/span><br \/>\n<span style=\"color: #000000;\">Y en tratamientos superficiales (acabados) est\u00e1n homologados por las Marcas QUALICOAT Seaside para lacado y en el anodizado por QUALANOD.<\/span><\/p>\n[\/vc_column_text][vc_row_inner][vc_column_inner width=\u00bb1\/5&#8243;]\t<div class=\"et-image-259 et-image     et_image_link\">\n\t\t<div class=\"et-image-inner \">\n\t\t\t\t\t\t\t<div class=\"et-image-thumb \">\n\t\t\t\t\t<img loading=\"lazy\" decoding=\"async\" width=\"203\" height=\"229\" src=\"https:\/\/logikit.com\/wp-content\/uploads\/2023\/04\/1.png\" class=\"attachment-full\" alt=\"\" title=\"1\" srcset=\"https:\/\/logikit.com\/wp-content\/uploads\/2023\/04\/1.png 203w, https:\/\/logikit.com\/wp-content\/uploads\/2023\/04\/1-133x150.png 133w\" sizes=\"auto, (max-width: 203px) 100vw, 203px\" \/>\t\t\t\t<\/div>\n\t\t\t\t\t\t\t\t\t\t\t<\/div>\n\t<\/div>\n  [\/vc_column_inner][vc_column_inner width=\u00bb1\/5&#8243;]\t<div class=\"et-image-514 et-image     et_image_link\">\n\t\t<div class=\"et-image-inner \">\n\t\t\t\t\t\t\t<div class=\"et-image-thumb \">\n\t\t\t\t\t<img loading=\"lazy\" decoding=\"async\" width=\"135\" height=\"210\" src=\"https:\/\/logikit.com\/wp-content\/uploads\/2023\/04\/2.png\" class=\"attachment-full\" alt=\"\" title=\"2\" srcset=\"https:\/\/logikit.com\/wp-content\/uploads\/2023\/04\/2.png 135w, https:\/\/logikit.com\/wp-content\/uploads\/2023\/04\/2-96x150.png 96w\" sizes=\"auto, (max-width: 135px) 100vw, 135px\" \/>\t\t\t\t<\/div>\n\t\t\t\t\t\t\t\t\t\t\t<\/div>\n\t<\/div>\n  [\/vc_column_inner][vc_column_inner width=\u00bb1\/5&#8243;]\t<div class=\"et-image-173 et-image     et_image_link\">\n\t\t<div class=\"et-image-inner \">\n\t\t\t\t\t\t\t<div class=\"et-image-thumb \">\n\t\t\t\t\t<img loading=\"lazy\" decoding=\"async\" width=\"265\" height=\"213\" src=\"https:\/\/logikit.com\/wp-content\/uploads\/2023\/04\/3.png\" class=\"attachment-full\" alt=\"\" title=\"3\" srcset=\"https:\/\/logikit.com\/wp-content\/uploads\/2023\/04\/3.png 265w, https:\/\/logikit.com\/wp-content\/uploads\/2023\/04\/3-150x121.png 150w\" sizes=\"auto, (max-width: 265px) 100vw, 265px\" \/>\t\t\t\t<\/div>\n\t\t\t\t\t\t\t\t\t\t\t<\/div>\n\t<\/div>\n  [\/vc_column_inner][vc_column_inner width=\u00bb1\/5&#8243;][\/vc_column_inner][vc_column_inner width=\u00bb1\/5&#8243;][\/vc_column_inner][\/vc_row_inner][\/vc_column][\/vc_row][\/vc_section]\n<\/div>","protected":false},"excerpt":{"rendered":"<p>[vc_section full_width=\u00bbstretch_row_content\u00bb][vc_row et_full_width=\u00bbtrue\u00bb et_row_padding=\u00bbtrue\u00bb parallax=\u00bbcontent-moving\u00bb css=\u00bb.vc_custom_1678108060257{padding-top: 250px !important;padding-bottom: 70px !important;background-image: url(https:\/\/logikit.com\/wp-content\/uploads\/2023\/03\/Logitik_DeSCARGAS.webp?id=241) !important;background-position: center;background-repeat: no-repeat !important;background-size: cover !important;}\u00bb][vc_column et_column_color=\u00bbet-light-column\u00bb][vc_row_inner][vc_column_inner offset=\u00bbvc_col-lg-4 vc_col-md-6&#8243;][vc_column_text css=\u00bb.vc_custom_1680691086833{margin-top: 20px !important;}\u00bb] CERTIFICADOS DE CALIDAD Perfiles y sistemas de aluminio para la industria del mueble[\/vc_column_text][\/vc_column_inner][\/vc_row_inner][\/vc_column][\/vc_row][\/vc_section][vc_section full_width=\u00bbstretch_row\u00bb css=\u00bb.vc_custom_1680691111314{padding-top: 5% !important;padding-bottom: 5% !important;background-color: #ffffff !important;background-position: 0 0 !important;background-repeat: no-repeat !important;}\u00bb][vc_row css=\u00bb.vc_custom_1678107683510{padding-top: [&hellip;]<\/p>\n","protected":false},"author":2,"featured_media":0,"parent":0,"menu_order":0,"comment_status":"closed","ping_status":"closed","template":"","meta":{"footnotes":""},"class_list":["post-233","page","type-page","status-publish","hentry"],"yoast_head":"<!-- This site is optimized with the Yoast SEO plugin v27.4 - https:\/\/yoast.com\/product\/yoast-seo-wordpress\/ -->\n<title>Logikit | Calidad<\/title>\n<meta name=\"robots\" content=\"noindex, nofollow\" \/>\n<meta property=\"og:locale\" content=\"es_ES\" \/>\n<meta property=\"og:type\" content=\"article\" \/>\n<meta property=\"og:title\" content=\"Logikit | Calidad\" \/>\n<meta property=\"og:description\" content=\"[vc_section full_width=\u00bbstretch_row_content\u00bb][vc_row et_full_width=\u00bbtrue\u00bb et_row_padding=\u00bbtrue\u00bb parallax=\u00bbcontent-moving\u00bb css=\u00bb.vc_custom_1678108060257{padding-top: 250px !important;padding-bottom: 70px !important;background-image: url(https:\/\/logikit.com\/wp-content\/uploads\/2023\/03\/Logitik_DeSCARGAS.webp?id=241) !important;background-position: center;background-repeat: no-repeat !important;background-size: cover !important;}\u00bb][vc_column et_column_color=\u00bbet-light-column\u00bb][vc_row_inner][vc_column_inner offset=\u00bbvc_col-lg-4 vc_col-md-6&#8243;][vc_column_text css=\u00bb.vc_custom_1680691086833{margin-top: 20px !important;}\u00bb] CERTIFICADOS DE CALIDAD Perfiles y sistemas de aluminio para la industria del mueble[\/vc_column_text][\/vc_column_inner][\/vc_row_inner][\/vc_column][\/vc_row][\/vc_section][vc_section full_width=\u00bbstretch_row\u00bb css=\u00bb.vc_custom_1680691111314{padding-top: 5% !important;padding-bottom: 5% !important;background-color: #ffffff !important;background-position: 0 0 !important;background-repeat: no-repeat !important;}\u00bb][vc_row css=\u00bb.vc_custom_1678107683510{padding-top: [&hellip;]\" \/>\n<meta property=\"og:url\" content=\"https:\/\/logikit.com\/?page_id=233\" \/>\n<meta property=\"og:site_name\" content=\"Logikit\" \/>\n<meta property=\"article:modified_time\" content=\"2023-06-27T10:16:52+00:00\" \/>\n<meta property=\"og:image\" content=\"https:\/\/logikit.com\/wp-content\/uploads\/2023\/04\/est-decora-img1.jpg\" \/>\n\t<meta property=\"og:image:width\" content=\"1100\" \/>\n\t<meta property=\"og:image:height\" content=\"910\" \/>\n\t<meta property=\"og:image:type\" content=\"image\/jpeg\" \/>\n<meta name=\"twitter:card\" content=\"summary_large_image\" \/>\n<meta name=\"twitter:label1\" content=\"Tiempo de lectura\" \/>\n\t<meta name=\"twitter:data1\" content=\"1 minuto\" \/>\n<script type=\"application\/ld+json\" class=\"yoast-schema-graph\">{\"@context\":\"https:\\\/\\\/schema.org\",\"@graph\":[{\"@type\":\"WebPage\",\"@id\":\"https:\\\/\\\/logikit.com\\\/?page_id=233\",\"url\":\"https:\\\/\\\/logikit.com\\\/?page_id=233\",\"name\":\"Logikit | Calidad\",\"isPartOf\":{\"@id\":\"https:\\\/\\\/logikit.com\\\/#website\"},\"datePublished\":\"2023-03-06T13:00:51+00:00\",\"dateModified\":\"2023-06-27T10:16:52+00:00\",\"breadcrumb\":{\"@id\":\"https:\\\/\\\/logikit.com\\\/?page_id=233#breadcrumb\"},\"inLanguage\":\"es\",\"potentialAction\":[{\"@type\":\"ReadAction\",\"target\":[\"https:\\\/\\\/logikit.com\\\/?page_id=233\"]}]},{\"@type\":\"BreadcrumbList\",\"@id\":\"https:\\\/\\\/logikit.com\\\/?page_id=233#breadcrumb\",\"itemListElement\":[{\"@type\":\"ListItem\",\"position\":1,\"name\":\"Portada\",\"item\":\"https:\\\/\\\/logikit.com\\\/\"},{\"@type\":\"ListItem\",\"position\":2,\"name\":\"Calidad\"}]},{\"@type\":\"WebSite\",\"@id\":\"https:\\\/\\\/logikit.com\\\/#website\",\"url\":\"https:\\\/\\\/logikit.com\\\/\",\"name\":\"Logikit\",\"description\":\"Perfiles y Sistemas de Aluminio\",\"publisher\":{\"@id\":\"https:\\\/\\\/logikit.com\\\/#organization\"},\"potentialAction\":[{\"@type\":\"SearchAction\",\"target\":{\"@type\":\"EntryPoint\",\"urlTemplate\":\"https:\\\/\\\/logikit.com\\\/?s={search_term_string}\"},\"query-input\":{\"@type\":\"PropertyValueSpecification\",\"valueRequired\":true,\"valueName\":\"search_term_string\"}}],\"inLanguage\":\"es\"},{\"@type\":\"Organization\",\"@id\":\"https:\\\/\\\/logikit.com\\\/#organization\",\"name\":\"Logikit\",\"url\":\"https:\\\/\\\/logikit.com\\\/\",\"logo\":{\"@type\":\"ImageObject\",\"inLanguage\":\"es\",\"@id\":\"https:\\\/\\\/logikit.com\\\/#\\\/schema\\\/logo\\\/image\\\/\",\"url\":\"https:\\\/\\\/logikit.com\\\/wp-content\\\/uploads\\\/2022\\\/12\\\/logo-logikit-BV.png\",\"contentUrl\":\"https:\\\/\\\/logikit.com\\\/wp-content\\\/uploads\\\/2022\\\/12\\\/logo-logikit-BV.png\",\"width\":203,\"height\":63,\"caption\":\"Logikit\"},\"image\":{\"@id\":\"https:\\\/\\\/logikit.com\\\/#\\\/schema\\\/logo\\\/image\\\/\"}}]}<\/script>\n<!-- \/ Yoast SEO plugin. -->","yoast_head_json":{"title":"Logikit | Calidad","robots":{"index":"noindex","follow":"nofollow"},"og_locale":"es_ES","og_type":"article","og_title":"Logikit | Calidad","og_description":"[vc_section full_width=\u00bbstretch_row_content\u00bb][vc_row et_full_width=\u00bbtrue\u00bb et_row_padding=\u00bbtrue\u00bb parallax=\u00bbcontent-moving\u00bb css=\u00bb.vc_custom_1678108060257{padding-top: 250px !important;padding-bottom: 70px !important;background-image: url(https:\/\/logikit.com\/wp-content\/uploads\/2023\/03\/Logitik_DeSCARGAS.webp?id=241) !important;background-position: center;background-repeat: no-repeat !important;background-size: cover !important;}\u00bb][vc_column et_column_color=\u00bbet-light-column\u00bb][vc_row_inner][vc_column_inner offset=\u00bbvc_col-lg-4 vc_col-md-6&#8243;][vc_column_text css=\u00bb.vc_custom_1680691086833{margin-top: 20px !important;}\u00bb] CERTIFICADOS DE CALIDAD Perfiles y sistemas de aluminio para la industria del mueble[\/vc_column_text][\/vc_column_inner][\/vc_row_inner][\/vc_column][\/vc_row][\/vc_section][vc_section full_width=\u00bbstretch_row\u00bb css=\u00bb.vc_custom_1680691111314{padding-top: 5% !important;padding-bottom: 5% !important;background-color: #ffffff !important;background-position: 0 0 !important;background-repeat: no-repeat !important;}\u00bb][vc_row css=\u00bb.vc_custom_1678107683510{padding-top: [&hellip;]","og_url":"https:\/\/logikit.com\/?page_id=233","og_site_name":"Logikit","article_modified_time":"2023-06-27T10:16:52+00:00","og_image":[{"width":1100,"height":910,"url":"https:\/\/logikit.com\/wp-content\/uploads\/2023\/04\/est-decora-img1.jpg","type":"image\/jpeg"}],"twitter_card":"summary_large_image","twitter_misc":{"Tiempo de lectura":"1 minuto"},"schema":{"@context":"https:\/\/schema.org","@graph":[{"@type":"WebPage","@id":"https:\/\/logikit.com\/?page_id=233","url":"https:\/\/logikit.com\/?page_id=233","name":"Logikit | Calidad","isPartOf":{"@id":"https:\/\/logikit.com\/#website"},"datePublished":"2023-03-06T13:00:51+00:00","dateModified":"2023-06-27T10:16:52+00:00","breadcrumb":{"@id":"https:\/\/logikit.com\/?page_id=233#breadcrumb"},"inLanguage":"es","potentialAction":[{"@type":"ReadAction","target":["https:\/\/logikit.com\/?page_id=233"]}]},{"@type":"BreadcrumbList","@id":"https:\/\/logikit.com\/?page_id=233#breadcrumb","itemListElement":[{"@type":"ListItem","position":1,"name":"Portada","item":"https:\/\/logikit.com\/"},{"@type":"ListItem","position":2,"name":"Calidad"}]},{"@type":"WebSite","@id":"https:\/\/logikit.com\/#website","url":"https:\/\/logikit.com\/","name":"Logikit","description":"Perfiles y Sistemas de Aluminio","publisher":{"@id":"https:\/\/logikit.com\/#organization"},"potentialAction":[{"@type":"SearchAction","target":{"@type":"EntryPoint","urlTemplate":"https:\/\/logikit.com\/?s={search_term_string}"},"query-input":{"@type":"PropertyValueSpecification","valueRequired":true,"valueName":"search_term_string"}}],"inLanguage":"es"},{"@type":"Organization","@id":"https:\/\/logikit.com\/#organization","name":"Logikit","url":"https:\/\/logikit.com\/","logo":{"@type":"ImageObject","inLanguage":"es","@id":"https:\/\/logikit.com\/#\/schema\/logo\/image\/","url":"https:\/\/logikit.com\/wp-content\/uploads\/2022\/12\/logo-logikit-BV.png","contentUrl":"https:\/\/logikit.com\/wp-content\/uploads\/2022\/12\/logo-logikit-BV.png","width":203,"height":63,"caption":"Logikit"},"image":{"@id":"https:\/\/logikit.com\/#\/schema\/logo\/image\/"}}]}},"_links":{"self":[{"href":"https:\/\/logikit.com\/index.php?rest_route=\/wp\/v2\/pages\/233","targetHints":{"allow":["GET"]}}],"collection":[{"href":"https:\/\/logikit.com\/index.php?rest_route=\/wp\/v2\/pages"}],"about":[{"href":"https:\/\/logikit.com\/index.php?rest_route=\/wp\/v2\/types\/page"}],"author":[{"embeddable":true,"href":"https:\/\/logikit.com\/index.php?rest_route=\/wp\/v2\/users\/2"}],"replies":[{"embeddable":true,"href":"https:\/\/logikit.com\/index.php?rest_route=%2Fwp%2Fv2%2Fcomments&post=233"}],"version-history":[{"count":18,"href":"https:\/\/logikit.com\/index.php?rest_route=\/wp\/v2\/pages\/233\/revisions"}],"predecessor-version":[{"id":1001,"href":"https:\/\/logikit.com\/index.php?rest_route=\/wp\/v2\/pages\/233\/revisions\/1001"}],"wp:attachment":[{"href":"https:\/\/logikit.com\/index.php?rest_route=%2Fwp%2Fv2%2Fmedia&parent=233"}],"curies":[{"name":"wp","href":"https:\/\/api.w.org\/{rel}","templated":true}]}}