{"id":230,"date":"2023-03-06T13:30:06","date_gmt":"2023-03-06T13:30:06","guid":{"rendered":"https:\/\/logikit.com\/?page_id=230"},"modified":"2024-06-06T06:20:16","modified_gmt":"2024-06-06T06:20:16","slug":"catalogo-2023","status":"publish","type":"page","link":"https:\/\/logikit.com\/?page_id=230","title":{"rendered":"Cat\u00e1logo 2023"},"content":{"rendered":"<div class=\"wpb-content-wrapper\">[vc_section full_width=\u00bbstretch_row_content\u00bb css=\u00bb.vc_custom_1678109429179{padding-top: 5% !important;padding-bottom: 5% !important;background-color: #fbfbfb !important;background-position: 0 0 !important;background-repeat: no-repeat !important;}\u00bb][vc_row][vc_column][vc_column_text]<div class=\"_df_book df-lite\" id=\"df_1190\"  _slug=\"catalogo\" data-title=\"catalogo\" wpoptions=\"true\" thumbtype=\"\" ><\/div><script class=\"df-shortcode-script\" nowprocket type=\"application\/javascript\">window.option_df_1190 = {\"outline\":[],\"autoEnableOutline\":\"false\",\"autoEnableThumbnail\":\"false\",\"overwritePDFOutline\":\"false\",\"direction\":\"1\",\"pageSize\":\"0\",\"source\":\"https:\\\/\\\/logikit.com\\\/wp-content\\\/uploads\\\/2024\\\/06\\\/Catalogo-Logikit.pdf\",\"wpOptions\":\"true\"}; if(window.DFLIP && window.DFLIP.parseBooks){window.DFLIP.parseBooks();}<\/script>[\/vc_column_text][\/vc_column][\/vc_row][\/vc_section]\n<\/div>","protected":false},"excerpt":{"rendered":"<p>[vc_section full_width=\u00bbstretch_row_content\u00bb css=\u00bb.vc_custom_1678109429179{padding-top: 5% !important;padding-bottom: 5% !important;background-color: #fbfbfb !important;background-position: 0 0 !important;background-repeat: no-repeat !important;}\u00bb][vc_row][vc_column][vc_column_text][\/vc_column_text][\/vc_column][\/vc_row][\/vc_section]<\/p>\n","protected":false},"author":2,"featured_media":0,"parent":0,"menu_order":0,"comment_status":"closed","ping_status":"closed","template":"","meta":{"footnotes":""},"class_list":["post-230","page","type-page","status-publish","hentry"],"yoast_head":"<!-- This site is optimized with the Yoast SEO plugin v27.4 - https:\/\/yoast.com\/product\/yoast-seo-wordpress\/ -->\n<title>Logikit | Cat\u00e1logo 2023<\/title>\n<meta name=\"description\" content=\"Especializados en la elaboraci\u00f3n de art\u00edculos de aluminio a medida para la industria del mueble, principalmente puertas de aluminio en kit y\/o montadas con cristal, tiradores, etc\" \/>\n<meta name=\"robots\" content=\"index, follow, max-snippet:-1, max-image-preview:large, max-video-preview:-1\" \/>\n<link rel=\"canonical\" href=\"https:\/\/logikit.com\/?page_id=230\" \/>\n<meta property=\"og:locale\" content=\"es_ES\" \/>\n<meta property=\"og:type\" content=\"article\" \/>\n<meta property=\"og:title\" content=\"Logikit | Cat\u00e1logo 2023\" \/>\n<meta property=\"og:description\" content=\"Especializados en la elaboraci\u00f3n de art\u00edculos de aluminio a medida para la industria del mueble, principalmente puertas de aluminio en kit y\/o montadas con cristal, tiradores, etc\" \/>\n<meta property=\"og:url\" content=\"https:\/\/logikit.com\/?page_id=230\" \/>\n<meta property=\"og:site_name\" content=\"Logikit\" \/>\n<meta property=\"article:modified_time\" content=\"2024-06-06T06:20:16+00:00\" \/>\n<meta property=\"og:image\" content=\"https:\/\/logikit.com\/wp-content\/uploads\/2023\/04\/banner-patas.jpg\" \/>\n\t<meta property=\"og:image:width\" content=\"1520\" \/>\n\t<meta property=\"og:image:height\" content=\"739\" \/>\n\t<meta property=\"og:image:type\" content=\"image\/jpeg\" \/>\n<meta name=\"twitter:card\" content=\"summary_large_image\" \/>\n<meta name=\"twitter:title\" content=\"Logikit | Cat\u00e1logo 2023\" \/>\n<meta name=\"twitter:description\" content=\"Especializados en la elaboraci\u00f3n de art\u00edculos de aluminio a medida para la industria del mueble, principalmente puertas de aluminio en kit y\/o montadas con cristal, tiradores, etc\" \/>\n<meta name=\"twitter:image\" content=\"https:\/\/logikit.com\/wp-content\/uploads\/2023\/04\/banner-patas.jpg\" \/>\n<meta name=\"twitter:label1\" content=\"Tiempo de lectura\" \/>\n\t<meta name=\"twitter:data1\" content=\"1 minuto\" \/>\n<script type=\"application\/ld+json\" class=\"yoast-schema-graph\">{\"@context\":\"https:\\\/\\\/schema.org\",\"@graph\":[{\"@type\":\"WebPage\",\"@id\":\"https:\\\/\\\/logikit.com\\\/?page_id=230\",\"url\":\"https:\\\/\\\/logikit.com\\\/?page_id=230\",\"name\":\"Logikit | Cat\u00e1logo 2023\",\"isPartOf\":{\"@id\":\"https:\\\/\\\/logikit.com\\\/#website\"},\"datePublished\":\"2023-03-06T13:30:06+00:00\",\"dateModified\":\"2024-06-06T06:20:16+00:00\",\"description\":\"Especializados en la elaboraci\u00f3n de art\u00edculos de aluminio a medida para la industria del mueble, principalmente puertas de aluminio en kit y\\\/o montadas con cristal, tiradores, etc\",\"breadcrumb\":{\"@id\":\"https:\\\/\\\/logikit.com\\\/?page_id=230#breadcrumb\"},\"inLanguage\":\"es\",\"potentialAction\":[{\"@type\":\"ReadAction\",\"target\":[\"https:\\\/\\\/logikit.com\\\/?page_id=230\"]}]},{\"@type\":\"BreadcrumbList\",\"@id\":\"https:\\\/\\\/logikit.com\\\/?page_id=230#breadcrumb\",\"itemListElement\":[{\"@type\":\"ListItem\",\"position\":1,\"name\":\"Portada\",\"item\":\"https:\\\/\\\/logikit.com\\\/\"},{\"@type\":\"ListItem\",\"position\":2,\"name\":\"Cat\u00e1logo 2023\"}]},{\"@type\":\"WebSite\",\"@id\":\"https:\\\/\\\/logikit.com\\\/#website\",\"url\":\"https:\\\/\\\/logikit.com\\\/\",\"name\":\"Logikit\",\"description\":\"Perfiles y Sistemas de Aluminio\",\"publisher\":{\"@id\":\"https:\\\/\\\/logikit.com\\\/#organization\"},\"potentialAction\":[{\"@type\":\"SearchAction\",\"target\":{\"@type\":\"EntryPoint\",\"urlTemplate\":\"https:\\\/\\\/logikit.com\\\/?s={search_term_string}\"},\"query-input\":{\"@type\":\"PropertyValueSpecification\",\"valueRequired\":true,\"valueName\":\"search_term_string\"}}],\"inLanguage\":\"es\"},{\"@type\":\"Organization\",\"@id\":\"https:\\\/\\\/logikit.com\\\/#organization\",\"name\":\"Logikit\",\"url\":\"https:\\\/\\\/logikit.com\\\/\",\"logo\":{\"@type\":\"ImageObject\",\"inLanguage\":\"es\",\"@id\":\"https:\\\/\\\/logikit.com\\\/#\\\/schema\\\/logo\\\/image\\\/\",\"url\":\"https:\\\/\\\/logikit.com\\\/wp-content\\\/uploads\\\/2022\\\/12\\\/logo-logikit-BV.png\",\"contentUrl\":\"https:\\\/\\\/logikit.com\\\/wp-content\\\/uploads\\\/2022\\\/12\\\/logo-logikit-BV.png\",\"width\":203,\"height\":63,\"caption\":\"Logikit\"},\"image\":{\"@id\":\"https:\\\/\\\/logikit.com\\\/#\\\/schema\\\/logo\\\/image\\\/\"}}]}<\/script>\n<!-- \/ Yoast SEO plugin. -->","yoast_head_json":{"title":"Logikit | Cat\u00e1logo 2023","description":"Especializados en la elaboraci\u00f3n de art\u00edculos de aluminio a medida para la industria del mueble, principalmente puertas de aluminio en kit y\/o montadas con cristal, tiradores, etc","robots":{"index":"index","follow":"follow","max-snippet":"max-snippet:-1","max-image-preview":"max-image-preview:large","max-video-preview":"max-video-preview:-1"},"canonical":"https:\/\/logikit.com\/?page_id=230","og_locale":"es_ES","og_type":"article","og_title":"Logikit | Cat\u00e1logo 2023","og_description":"Especializados en la elaboraci\u00f3n de art\u00edculos de aluminio a medida para la industria del mueble, principalmente puertas de aluminio en kit y\/o montadas con cristal, tiradores, etc","og_url":"https:\/\/logikit.com\/?page_id=230","og_site_name":"Logikit","article_modified_time":"2024-06-06T06:20:16+00:00","og_image":[{"width":1520,"height":739,"url":"https:\/\/logikit.com\/wp-content\/uploads\/2023\/04\/banner-patas.jpg","type":"image\/jpeg"}],"twitter_card":"summary_large_image","twitter_title":"Logikit | Cat\u00e1logo 2023","twitter_description":"Especializados en la elaboraci\u00f3n de art\u00edculos de aluminio a medida para la industria del mueble, principalmente puertas de aluminio en kit y\/o montadas con cristal, tiradores, etc","twitter_image":"https:\/\/logikit.com\/wp-content\/uploads\/2023\/04\/banner-patas.jpg","twitter_misc":{"Tiempo de lectura":"1 minuto"},"schema":{"@context":"https:\/\/schema.org","@graph":[{"@type":"WebPage","@id":"https:\/\/logikit.com\/?page_id=230","url":"https:\/\/logikit.com\/?page_id=230","name":"Logikit | Cat\u00e1logo 2023","isPartOf":{"@id":"https:\/\/logikit.com\/#website"},"datePublished":"2023-03-06T13:30:06+00:00","dateModified":"2024-06-06T06:20:16+00:00","description":"Especializados en la elaboraci\u00f3n de art\u00edculos de aluminio a medida para la industria del mueble, principalmente puertas de aluminio en kit y\/o montadas con cristal, tiradores, etc","breadcrumb":{"@id":"https:\/\/logikit.com\/?page_id=230#breadcrumb"},"inLanguage":"es","potentialAction":[{"@type":"ReadAction","target":["https:\/\/logikit.com\/?page_id=230"]}]},{"@type":"BreadcrumbList","@id":"https:\/\/logikit.com\/?page_id=230#breadcrumb","itemListElement":[{"@type":"ListItem","position":1,"name":"Portada","item":"https:\/\/logikit.com\/"},{"@type":"ListItem","position":2,"name":"Cat\u00e1logo 2023"}]},{"@type":"WebSite","@id":"https:\/\/logikit.com\/#website","url":"https:\/\/logikit.com\/","name":"Logikit","description":"Perfiles y Sistemas de Aluminio","publisher":{"@id":"https:\/\/logikit.com\/#organization"},"potentialAction":[{"@type":"SearchAction","target":{"@type":"EntryPoint","urlTemplate":"https:\/\/logikit.com\/?s={search_term_string}"},"query-input":{"@type":"PropertyValueSpecification","valueRequired":true,"valueName":"search_term_string"}}],"inLanguage":"es"},{"@type":"Organization","@id":"https:\/\/logikit.com\/#organization","name":"Logikit","url":"https:\/\/logikit.com\/","logo":{"@type":"ImageObject","inLanguage":"es","@id":"https:\/\/logikit.com\/#\/schema\/logo\/image\/","url":"https:\/\/logikit.com\/wp-content\/uploads\/2022\/12\/logo-logikit-BV.png","contentUrl":"https:\/\/logikit.com\/wp-content\/uploads\/2022\/12\/logo-logikit-BV.png","width":203,"height":63,"caption":"Logikit"},"image":{"@id":"https:\/\/logikit.com\/#\/schema\/logo\/image\/"}}]}},"_links":{"self":[{"href":"https:\/\/logikit.com\/index.php?rest_route=\/wp\/v2\/pages\/230","targetHints":{"allow":["GET"]}}],"collection":[{"href":"https:\/\/logikit.com\/index.php?rest_route=\/wp\/v2\/pages"}],"about":[{"href":"https:\/\/logikit.com\/index.php?rest_route=\/wp\/v2\/types\/page"}],"author":[{"embeddable":true,"href":"https:\/\/logikit.com\/index.php?rest_route=\/wp\/v2\/users\/2"}],"replies":[{"embeddable":true,"href":"https:\/\/logikit.com\/index.php?rest_route=%2Fwp%2Fv2%2Fcomments&post=230"}],"version-history":[{"count":6,"href":"https:\/\/logikit.com\/index.php?rest_route=\/wp\/v2\/pages\/230\/revisions"}],"predecessor-version":[{"id":1195,"href":"https:\/\/logikit.com\/index.php?rest_route=\/wp\/v2\/pages\/230\/revisions\/1195"}],"wp:attachment":[{"href":"https:\/\/logikit.com\/index.php?rest_route=%2Fwp%2Fv2%2Fmedia&parent=230"}],"curies":[{"name":"wp","href":"https:\/\/api.w.org\/{rel}","templated":true}]}}